{"id":32,"date":"2024-11-06T12:39:10","date_gmt":"2024-11-06T15:39:10","guid":{"rendered":"https:\/\/revistaverde.fun\/?page_id=32"},"modified":"2024-11-06T12:39:13","modified_gmt":"2024-11-06T15:39:13","slug":"sobre-nos","status":"publish","type":"page","link":"https:\/\/revistaverde.fun\/pt_pt\/sobre-nos\/","title":{"rendered":"Sobre N\u00f3s"},"content":{"rendered":"<p class=\"\">A Revista Verde \u00e9 um espa\u00e7o din\u00e2mico e acolhedor, dedicado a oferecer conte\u00fado diversificado e de qualidade para todos os gostos. Nosso objetivo \u00e9 explorar uma ampla gama de temas, trazendo desde assuntos de interesse geral at\u00e9 curiosidades, tend\u00eancias e reflex\u00f5es sobre o cotidiano. Aqui, voc\u00ea encontrar\u00e1 artigos sobre cultura, meio ambiente, estilo de vida, tecnologia, bem-estar, e muito mais.<\/p>\n\n\n\n<p class=\"\">Acreditamos que o mundo \u00e9 rico em diversidade, e buscamos refletir essa pluralidade em cada publica\u00e7\u00e3o. Nosso compromisso \u00e9 proporcionar uma leitura leve, informativa e inspiradora, que atenda aos leitores que buscam se manter atualizados e, ao mesmo tempo, se divertir e aprender.<\/p>\n\n\n\n<p class=\"\">Seja voc\u00ea um leitor curioso ou um entusiasta de temas variados, a Revista Verde \u00e9 o lugar ideal para expandir seus horizontes. Fique \u00e0 vontade para explorar nosso conte\u00fado, interagir e fazer parte dessa jornada!<\/p>\n\n\n\n<p class=\"\"><\/p>","protected":false},"excerpt":{"rendered":"<p>A Revista Verde \u00e9 um espa\u00e7o din\u00e2mico e acolhedor, dedicado a oferecer conte\u00fado diversificado e de qualidade para todos os gostos. Nosso objetivo \u00e9 explorar uma ampla gama de temas, trazendo desde assuntos de interesse geral at\u00e9 curiosidades, tend\u00eancias e reflex\u00f5es sobre o cotidiano. Aqui, voc\u00ea encontrar\u00e1 artigos sobre cultura, meio ambiente, estilo de vida, [&hellip;]<\/p>\n","protected":false},"author":1,"featured_media":0,"parent":0,"menu_order":0,"comment_status":"closed","ping_status":"closed","template":"","meta":{"nf_dc_page":"","footnotes":""},"class_list":["post-32","page","type-page","status-publish","hentry"],"blocksy_meta":[],"yoast_head":"<!-- This site is optimized with the Yoast SEO Premium plugin v23.7 (Yoast SEO v27.4) - https:\/\/yoast.com\/product\/yoast-seo-premium-wordpress\/ -->\n<title>Sobre N\u00f3s - Revista Verde<\/title>\n<meta name=\"description\" content=\"A Revista Verde \u00e9 um blog diversificado que traz conte\u00fados sobre cultura, meio ambiente, tecnologia e muito mais!\" \/>\n<meta name=\"robots\" content=\"index, follow, max-snippet:-1, max-image-preview:large, max-video-preview:-1\" \/>\n<link rel=\"canonical\" href=\"https:\/\/revistaverde.fun\/pt_pt\/sobre-nos\/\" \/>\n<meta property=\"og:locale\" content=\"pt_PT\" \/>\n<meta property=\"og:type\" content=\"article\" \/>\n<meta property=\"og:title\" content=\"Sobre N\u00f3s\" \/>\n<meta property=\"og:description\" content=\"A Revista Verde \u00e9 um blog diversificado que traz conte\u00fados sobre cultura, meio ambiente, tecnologia e muito mais!\" \/>\n<meta property=\"og:url\" content=\"https:\/\/revistaverde.fun\/pt_pt\/sobre-nos\/\" \/>\n<meta property=\"og:site_name\" content=\"Revista Verde\" \/>\n<meta property=\"article:modified_time\" content=\"2024-11-06T15:39:13+00:00\" \/>\n<meta property=\"og:image\" content=\"https:\/\/i0.wp.com\/revistaverde.fun\/wp-content\/uploads\/2024\/11\/Design_sem_nome-removebg-preview.png?fit=500%2C500&ssl=1\" \/>\n\t<meta property=\"og:image:width\" content=\"500\" \/>\n\t<meta property=\"og:image:height\" content=\"500\" \/>\n\t<meta property=\"og:image:type\" content=\"image\/png\" \/>\n<meta name=\"twitter:card\" content=\"summary_large_image\" \/>\n<meta name=\"twitter:label1\" content=\"Tempo estimado de leitura\" \/>\n\t<meta name=\"twitter:data1\" content=\"1 minuto\" \/>\n<script type=\"application\/ld+json\" class=\"yoast-schema-graph\">{\"@context\":\"https:\\\/\\\/schema.org\",\"@graph\":[{\"@type\":\"WebPage\",\"@id\":\"https:\\\/\\\/revistaverde.fun\\\/sobre-nos\\\/\",\"url\":\"https:\\\/\\\/revistaverde.fun\\\/sobre-nos\\\/\",\"name\":\"Sobre N\u00f3s - Revista Verde\",\"isPartOf\":{\"@id\":\"https:\\\/\\\/revistaverde.fun\\\/#website\"},\"datePublished\":\"2024-11-06T15:39:10+00:00\",\"dateModified\":\"2024-11-06T15:39:13+00:00\",\"description\":\"A Revista Verde \u00e9 um blog diversificado que traz conte\u00fados sobre cultura, meio ambiente, tecnologia e muito mais!\",\"breadcrumb\":{\"@id\":\"https:\\\/\\\/revistaverde.fun\\\/sobre-nos\\\/#breadcrumb\"},\"inLanguage\":\"pt-PT\",\"potentialAction\":[{\"@type\":\"ReadAction\",\"target\":[\"https:\\\/\\\/revistaverde.fun\\\/sobre-nos\\\/\"]}]},{\"@type\":\"BreadcrumbList\",\"@id\":\"https:\\\/\\\/revistaverde.fun\\\/sobre-nos\\\/#breadcrumb\",\"itemListElement\":[{\"@type\":\"ListItem\",\"position\":1,\"name\":\"In\u00edcio\",\"item\":\"https:\\\/\\\/revistaverde.fun\\\/\"},{\"@type\":\"ListItem\",\"position\":2,\"name\":\"Sobre N\u00f3s\"}]},{\"@type\":\"WebSite\",\"@id\":\"https:\\\/\\\/revistaverde.fun\\\/#website\",\"url\":\"https:\\\/\\\/revistaverde.fun\\\/\",\"name\":\"Revista Verde\",\"description\":\"Informa\u00e7\u00e3o e Praticidade\",\"publisher\":{\"@id\":\"https:\\\/\\\/revistaverde.fun\\\/#\\\/schema\\\/person\\\/4641b3ef7dc9e04a05f1aece8ce87dd0\"},\"potentialAction\":[{\"@type\":\"SearchAction\",\"target\":{\"@type\":\"EntryPoint\",\"urlTemplate\":\"https:\\\/\\\/revistaverde.fun\\\/?s={search_term_string}\"},\"query-input\":{\"@type\":\"PropertyValueSpecification\",\"valueRequired\":true,\"valueName\":\"search_term_string\"}}],\"inLanguage\":\"pt-PT\"},{\"@type\":[\"Person\",\"Organization\"],\"@id\":\"https:\\\/\\\/revistaverde.fun\\\/#\\\/schema\\\/person\\\/4641b3ef7dc9e04a05f1aece8ce87dd0\",\"name\":\"Ana Torres\",\"image\":{\"@type\":\"ImageObject\",\"inLanguage\":\"pt-PT\",\"@id\":\"https:\\\/\\\/i0.wp.com\\\/revistaverde.fun\\\/wp-content\\\/uploads\\\/2024\\\/11\\\/Logo-Autor-Redondo-2.png?fit=645%2C645&ssl=1\",\"url\":\"https:\\\/\\\/i0.wp.com\\\/revistaverde.fun\\\/wp-content\\\/uploads\\\/2024\\\/11\\\/Logo-Autor-Redondo-2.png?fit=645%2C645&ssl=1\",\"contentUrl\":\"https:\\\/\\\/i0.wp.com\\\/revistaverde.fun\\\/wp-content\\\/uploads\\\/2024\\\/11\\\/Logo-Autor-Redondo-2.png?fit=645%2C645&ssl=1\",\"width\":645,\"height\":645,\"caption\":\"Ana Torres\"},\"logo\":{\"@id\":\"https:\\\/\\\/i0.wp.com\\\/revistaverde.fun\\\/wp-content\\\/uploads\\\/2024\\\/11\\\/Logo-Autor-Redondo-2.png?fit=645%2C645&ssl=1\"},\"sameAs\":[\"https:\\\/\\\/revistaverde.fun\"],\"publishingPrinciples\":\"https:\\\/\\\/revistaverde.fun\\\/politicas-de-privacidade\\\/\",\"ownershipFundingInfo\":\"https:\\\/\\\/revistaverde.fun\\\/sobre-nos\\\/\",\"actionableFeedbackPolicy\":\"https:\\\/\\\/revistaverde.fun\\\/politicas-de-privacidade\\\/\",\"correctionsPolicy\":\"https:\\\/\\\/revistaverde.fun\\\/politicas-de-privacidade\\\/\",\"ethicsPolicy\":\"https:\\\/\\\/revistaverde.fun\\\/politicas-de-privacidade\\\/\",\"diversityPolicy\":\"https:\\\/\\\/revistaverde.fun\\\/politicas-de-privacidade\\\/\",\"diversityStaffingReport\":\"https:\\\/\\\/revistaverde.fun\\\/politicas-de-privacidade\\\/\"}]}<\/script>\n<!-- \/ Yoast SEO Premium plugin. -->","yoast_head_json":{"title":"Sobre N\u00f3s - Revista Verde","description":"A Revista Verde \u00e9 um blog diversificado que traz conte\u00fados sobre cultura, meio ambiente, tecnologia e muito mais!","robots":{"index":"index","follow":"follow","max-snippet":"max-snippet:-1","max-image-preview":"max-image-preview:large","max-video-preview":"max-video-preview:-1"},"canonical":"https:\/\/revistaverde.fun\/pt_pt\/sobre-nos\/","og_locale":"pt_PT","og_type":"article","og_title":"Sobre N\u00f3s","og_description":"A Revista Verde \u00e9 um blog diversificado que traz conte\u00fados sobre cultura, meio ambiente, tecnologia e muito mais!","og_url":"https:\/\/revistaverde.fun\/pt_pt\/sobre-nos\/","og_site_name":"Revista Verde","article_modified_time":"2024-11-06T15:39:13+00:00","og_image":[{"width":500,"height":500,"url":"https:\/\/i0.wp.com\/revistaverde.fun\/wp-content\/uploads\/2024\/11\/Design_sem_nome-removebg-preview.png?fit=500%2C500&ssl=1","type":"image\/png"}],"twitter_card":"summary_large_image","twitter_misc":{"Tempo estimado de leitura":"1 minuto"},"schema":{"@context":"https:\/\/schema.org","@graph":[{"@type":"WebPage","@id":"https:\/\/revistaverde.fun\/sobre-nos\/","url":"https:\/\/revistaverde.fun\/sobre-nos\/","name":"Sobre N\u00f3s - Revista Verde","isPartOf":{"@id":"https:\/\/revistaverde.fun\/#website"},"datePublished":"2024-11-06T15:39:10+00:00","dateModified":"2024-11-06T15:39:13+00:00","description":"A Revista Verde \u00e9 um blog diversificado que traz conte\u00fados sobre cultura, meio ambiente, tecnologia e muito mais!","breadcrumb":{"@id":"https:\/\/revistaverde.fun\/sobre-nos\/#breadcrumb"},"inLanguage":"pt-PT","potentialAction":[{"@type":"ReadAction","target":["https:\/\/revistaverde.fun\/sobre-nos\/"]}]},{"@type":"BreadcrumbList","@id":"https:\/\/revistaverde.fun\/sobre-nos\/#breadcrumb","itemListElement":[{"@type":"ListItem","position":1,"name":"In\u00edcio","item":"https:\/\/revistaverde.fun\/"},{"@type":"ListItem","position":2,"name":"Sobre N\u00f3s"}]},{"@type":"WebSite","@id":"https:\/\/revistaverde.fun\/#website","url":"https:\/\/revistaverde.fun\/","name":"Revista Verde","description":"Informa\u00e7\u00e3o e Praticidade","publisher":{"@id":"https:\/\/revistaverde.fun\/#\/schema\/person\/4641b3ef7dc9e04a05f1aece8ce87dd0"},"potentialAction":[{"@type":"SearchAction","target":{"@type":"EntryPoint","urlTemplate":"https:\/\/revistaverde.fun\/?s={search_term_string}"},"query-input":{"@type":"PropertyValueSpecification","valueRequired":true,"valueName":"search_term_string"}}],"inLanguage":"pt-PT"},{"@type":["Person","Organization"],"@id":"https:\/\/revistaverde.fun\/#\/schema\/person\/4641b3ef7dc9e04a05f1aece8ce87dd0","name":"Ana Torres","image":{"@type":"ImageObject","inLanguage":"pt-PT","@id":"https:\/\/i0.wp.com\/revistaverde.fun\/wp-content\/uploads\/2024\/11\/Logo-Autor-Redondo-2.png?fit=645%2C645&ssl=1","url":"https:\/\/i0.wp.com\/revistaverde.fun\/wp-content\/uploads\/2024\/11\/Logo-Autor-Redondo-2.png?fit=645%2C645&ssl=1","contentUrl":"https:\/\/i0.wp.com\/revistaverde.fun\/wp-content\/uploads\/2024\/11\/Logo-Autor-Redondo-2.png?fit=645%2C645&ssl=1","width":645,"height":645,"caption":"Ana Torres"},"logo":{"@id":"https:\/\/i0.wp.com\/revistaverde.fun\/wp-content\/uploads\/2024\/11\/Logo-Autor-Redondo-2.png?fit=645%2C645&ssl=1"},"sameAs":["https:\/\/revistaverde.fun"],"publishingPrinciples":"https:\/\/revistaverde.fun\/politicas-de-privacidade\/","ownershipFundingInfo":"https:\/\/revistaverde.fun\/sobre-nos\/","actionableFeedbackPolicy":"https:\/\/revistaverde.fun\/politicas-de-privacidade\/","correctionsPolicy":"https:\/\/revistaverde.fun\/politicas-de-privacidade\/","ethicsPolicy":"https:\/\/revistaverde.fun\/politicas-de-privacidade\/","diversityPolicy":"https:\/\/revistaverde.fun\/politicas-de-privacidade\/","diversityStaffingReport":"https:\/\/revistaverde.fun\/politicas-de-privacidade\/"}]}},"jetpack_sharing_enabled":true,"_links":{"self":[{"href":"https:\/\/revistaverde.fun\/pt_pt\/wp-json\/wp\/v2\/pages\/32","targetHints":{"allow":["GET"]}}],"collection":[{"href":"https:\/\/revistaverde.fun\/pt_pt\/wp-json\/wp\/v2\/pages"}],"about":[{"href":"https:\/\/revistaverde.fun\/pt_pt\/wp-json\/wp\/v2\/types\/page"}],"author":[{"embeddable":true,"href":"https:\/\/revistaverde.fun\/pt_pt\/wp-json\/wp\/v2\/users\/1"}],"replies":[{"embeddable":true,"href":"https:\/\/revistaverde.fun\/pt_pt\/wp-json\/wp\/v2\/comments?post=32"}],"version-history":[{"count":1,"href":"https:\/\/revistaverde.fun\/pt_pt\/wp-json\/wp\/v2\/pages\/32\/revisions"}],"predecessor-version":[{"id":33,"href":"https:\/\/revistaverde.fun\/pt_pt\/wp-json\/wp\/v2\/pages\/32\/revisions\/33"}],"wp:attachment":[{"href":"https:\/\/revistaverde.fun\/pt_pt\/wp-json\/wp\/v2\/media?parent=32"}],"curies":[{"name":"wp","href":"https:\/\/api.w.org\/{rel}","templated":true}]}}