{"id":17,"date":"2024-11-06T12:13:33","date_gmt":"2024-11-06T15:13:33","guid":{"rendered":"https:\/\/revistaverde.fun\/?page_id=17"},"modified":"2024-11-06T12:14:39","modified_gmt":"2024-11-06T15:14:39","slug":"fale-conosco","status":"publish","type":"page","link":"https:\/\/revistaverde.fun\/pt_pt\/fale-conosco\/","title":{"rendered":"Fale Conosco"},"content":{"rendered":"\n<p class=\"\"><\/p>\n\n\n\n<div class=\"nfd-container nfd-p-lg nfd-wb-forms__form-3 wp-block-group alignfull is-layout-constrained wp-block-group-is-layout-constrained\"><style id=\"wpforms-css-vars-18\">\n\t\t\t\t#wpforms-18 {\n\t\t\t\t\n\t\t\t}\n\t\t\t<\/style><div class=\"wpforms-container wpforms-container-full wpforms-render-modern\" id=\"wpforms-18\"><form id=\"wpforms-form-18\" class=\"wpforms-validate wpforms-form wpforms-ajax-form\" data-formid=\"18\" method=\"post\" enctype=\"multipart\/form-data\" action=\"\/pt_pt\/wp-json\/wp\/v2\/pages\/17\" data-token=\"2947e1aa81aea1cd8bb93c0dd5fcc067\" data-token-time=\"1776963541\"><noscript class=\"wpforms-error-noscript\">Please enable JavaScript in your browser to complete this form.<\/noscript><div id=\"wpforms-error-noscript\" style=\"display: none;\">Please enable JavaScript in your browser to complete this form.<\/div><div class=\"wpforms-field-container\"><div id=\"wpforms-18-field_0-container\" class=\"wpforms-field wpforms-field-name\" data-field-id=\"0\"><label class=\"wpforms-field-label\" for=\"wpforms-18-field_0\">Nome <span class=\"wpforms-required-label\" aria-hidden=\"true\">*<\/span><\/label><input type=\"text\" id=\"wpforms-18-field_0\" class=\"wpforms-field-large wpforms-field-required\" name=\"wpforms[fields][0]\" aria-errormessage=\"wpforms-18-field_0-error\" required><\/div><div id=\"wpforms-18-field_1-container\" class=\"wpforms-field wpforms-field-email\" data-field-id=\"1\"><label class=\"wpforms-field-label\" for=\"wpforms-18-field_1\">E-mail <span class=\"wpforms-required-label\" aria-hidden=\"true\">*<\/span><\/label><input type=\"email\" id=\"wpforms-18-field_1\" class=\"wpforms-field-large wpforms-field-required\" name=\"wpforms[fields][1]\" spellcheck=\"false\" aria-errormessage=\"wpforms-18-field_1-error\" required><\/div><div id=\"wpforms-18-field_2-container\" class=\"wpforms-field wpforms-field-textarea\" data-field-id=\"2\"><label class=\"wpforms-field-label\" for=\"wpforms-18-field_2\">Sua Mensagem <span class=\"wpforms-required-label\" aria-hidden=\"true\">*<\/span><\/label><textarea id=\"wpforms-18-field_2\" class=\"wpforms-field-medium wpforms-field-required\" name=\"wpforms[fields][2]\" aria-errormessage=\"wpforms-18-field_2-error\" required><\/textarea><\/div>\t\t<div id=\"wpforms-18-field_4-container\"\n\t\t\tclass=\"wpforms-field wpforms-field-text\"\n\t\t\tdata-field-type=\"text\"\n\t\t\tdata-field-id=\"4\"\n\t\t\t>\n\t\t\t<label class=\"wpforms-field-label\" for=\"wpforms-18-field_4\" >e Sua Nome<\/label>\n\t\t\t<input type=\"text\" id=\"wpforms-18-field_4\" class=\"wpforms-field-medium\" name=\"wpforms[fields][4]\" >\n\t\t<\/div>\n\t\t<div id=\"wpforms-18-field_3-container\" class=\"wpforms-field wpforms-field-checkbox\" data-field-id=\"3\"><fieldset><legend class=\"wpforms-field-label\">Termos e Condi\u00e7\u00f5es <span class=\"wpforms-required-label\" aria-hidden=\"true\">*<\/span><\/legend><ul id=\"wpforms-18-field_3\" class=\"wpforms-field-required\"><li class=\"choice-1 depth-1 wpforms-selected\"><input type=\"checkbox\" id=\"wpforms-18-field_3_1\" name=\"wpforms[fields][3][]\" value=\"Aceito os termos e condi\u00e7\u00f5es abaixo\" aria-errormessage=\"wpforms-18-field_3_1-error\" aria-describedby=\"wpforms-18-field_3-description\" required  checked='checked'><label class=\"wpforms-field-label-inline\" for=\"wpforms-18-field_3_1\">Aceito os termos e condi\u00e7\u00f5es abaixo<\/label><\/li><\/ul><div id=\"wpforms-18-field_3-description\" class=\"wpforms-field-description wpforms-disclaimer-description\">Ao enviar este formul\u00e1rio, voc\u00ea concorda com o processamento dos seus dados de acordo com nossa Pol\u00edtica de Privacidade e Termos.<\/div><\/fieldset><\/div><script>\n\t\t\t\t( function() {\n\t\t\t\t\tconst style = document.createElement( 'style' );\n\t\t\t\t\tstyle.appendChild( document.createTextNode( '#wpforms-18-field_4-container { position: absolute !important; overflow: hidden !important; display: inline !important; height: 1px !important; width: 1px !important; z-index: -1000 !important; padding: 0 !important; } #wpforms-18-field_4-container input { visibility: hidden; } #wpforms-conversational-form-page #wpforms-18-field_4-container label { counter-increment: none; }' ) );\n\t\t\t\t\tdocument.head.appendChild( style );\n\t\t\t\t\tdocument.currentScript?.remove();\n\t\t\t\t} )();\n\t\t\t<\/script><\/div><!-- .wpforms-field-container --><div class=\"wpforms-submit-container\" ><input type=\"hidden\" name=\"wpforms[id]\" value=\"18\"><input type=\"hidden\" name=\"page_title\" value=\"\"><input type=\"hidden\" name=\"page_url\" value=\"https:\/\/revistaverde.fun\/pt_pt\/wp-json\/wp\/v2\/pages\/17\"><input type=\"hidden\" name=\"url_referer\" value=\"\"><button type=\"submit\" name=\"wpforms[submit]\" id=\"wpforms-submit-18\" class=\"wpforms-submit\" data-alt-text=\"Enviando...\" data-submit-text=\"Enviar Mensagem\" aria-live=\"assertive\" value=\"wpforms-submit\">Enviar Mensagem<\/button><img decoding=\"async\" src=\"https:\/\/revistaverde.fun\/wp-content\/plugins\/wpforms-lite\/assets\/images\/submit-spin.svg\" class=\"wpforms-submit-spinner\" style=\"display: none;\" width=\"26\" height=\"26\" alt=\"Loading\"><\/div><\/form><\/div>  <!-- .wpforms-container -->\n<\/div>\n","protected":false},"excerpt":{"rendered":"","protected":false},"author":1,"featured_media":0,"parent":0,"menu_order":0,"comment_status":"closed","ping_status":"closed","template":"","meta":{"nf_dc_page":"","footnotes":""},"class_list":["post-17","page","type-page","status-publish","hentry"],"blocksy_meta":[],"yoast_head":"<!-- This site is optimized with the Yoast SEO Premium plugin v23.7 (Yoast SEO v27.4) - https:\/\/yoast.com\/product\/yoast-seo-premium-wordpress\/ -->\n<title>Fale Conosco - Revista Verde<\/title>\n<meta name=\"description\" content=\"Entre em contato com a Revista Verde! Envie suas d\u00favidas, sugest\u00f5es ou feedbacks diretamente pela nossa p\u00e1gina de contato.\" \/>\n<meta name=\"robots\" content=\"index, follow, max-snippet:-1, max-image-preview:large, max-video-preview:-1\" \/>\n<link rel=\"canonical\" href=\"https:\/\/revistaverde.fun\/pt_pt\/fale-conosco\/\" \/>\n<meta property=\"og:locale\" content=\"pt_PT\" \/>\n<meta property=\"og:type\" content=\"article\" \/>\n<meta property=\"og:title\" content=\"Fale Conosco\" \/>\n<meta property=\"og:description\" content=\"Entre em contato com a Revista Verde! Envie suas d\u00favidas, sugest\u00f5es ou feedbacks diretamente pela nossa p\u00e1gina de contato.\" \/>\n<meta property=\"og:url\" content=\"https:\/\/revistaverde.fun\/pt_pt\/fale-conosco\/\" \/>\n<meta property=\"og:site_name\" content=\"Revista Verde\" \/>\n<meta property=\"article:modified_time\" content=\"2024-11-06T15:14:39+00:00\" \/>\n<meta property=\"og:image\" content=\"https:\/\/i0.wp.com\/revistaverde.fun\/wp-content\/uploads\/2024\/11\/Design_sem_nome-removebg-preview.png?fit=500%2C500&ssl=1\" \/>\n\t<meta property=\"og:image:width\" content=\"500\" \/>\n\t<meta property=\"og:image:height\" content=\"500\" \/>\n\t<meta property=\"og:image:type\" content=\"image\/png\" \/>\n<meta name=\"twitter:card\" content=\"summary_large_image\" \/>\n<meta name=\"twitter:label1\" content=\"Tempo estimado de leitura\" \/>\n\t<meta name=\"twitter:data1\" content=\"1 minuto\" \/>\n<script type=\"application\/ld+json\" class=\"yoast-schema-graph\">{\"@context\":\"https:\\\/\\\/schema.org\",\"@graph\":[{\"@type\":\"WebPage\",\"@id\":\"https:\\\/\\\/revistaverde.fun\\\/fale-conosco\\\/\",\"url\":\"https:\\\/\\\/revistaverde.fun\\\/fale-conosco\\\/\",\"name\":\"Fale Conosco - Revista Verde\",\"isPartOf\":{\"@id\":\"https:\\\/\\\/revistaverde.fun\\\/#website\"},\"datePublished\":\"2024-11-06T15:13:33+00:00\",\"dateModified\":\"2024-11-06T15:14:39+00:00\",\"description\":\"Entre em contato com a Revista Verde! Envie suas d\u00favidas, sugest\u00f5es ou feedbacks diretamente pela nossa p\u00e1gina de contato.\",\"breadcrumb\":{\"@id\":\"https:\\\/\\\/revistaverde.fun\\\/fale-conosco\\\/#breadcrumb\"},\"inLanguage\":\"pt-PT\",\"potentialAction\":[{\"@type\":\"ReadAction\",\"target\":[\"https:\\\/\\\/revistaverde.fun\\\/fale-conosco\\\/\"]}]},{\"@type\":\"BreadcrumbList\",\"@id\":\"https:\\\/\\\/revistaverde.fun\\\/fale-conosco\\\/#breadcrumb\",\"itemListElement\":[{\"@type\":\"ListItem\",\"position\":1,\"name\":\"In\u00edcio\",\"item\":\"https:\\\/\\\/revistaverde.fun\\\/\"},{\"@type\":\"ListItem\",\"position\":2,\"name\":\"Fale Conosco\"}]},{\"@type\":\"WebSite\",\"@id\":\"https:\\\/\\\/revistaverde.fun\\\/#website\",\"url\":\"https:\\\/\\\/revistaverde.fun\\\/\",\"name\":\"Revista Verde\",\"description\":\"Informa\u00e7\u00e3o e Praticidade\",\"publisher\":{\"@id\":\"https:\\\/\\\/revistaverde.fun\\\/#\\\/schema\\\/person\\\/4641b3ef7dc9e04a05f1aece8ce87dd0\"},\"potentialAction\":[{\"@type\":\"SearchAction\",\"target\":{\"@type\":\"EntryPoint\",\"urlTemplate\":\"https:\\\/\\\/revistaverde.fun\\\/?s={search_term_string}\"},\"query-input\":{\"@type\":\"PropertyValueSpecification\",\"valueRequired\":true,\"valueName\":\"search_term_string\"}}],\"inLanguage\":\"pt-PT\"},{\"@type\":[\"Person\",\"Organization\"],\"@id\":\"https:\\\/\\\/revistaverde.fun\\\/#\\\/schema\\\/person\\\/4641b3ef7dc9e04a05f1aece8ce87dd0\",\"name\":\"Ana Torres\",\"image\":{\"@type\":\"ImageObject\",\"inLanguage\":\"pt-PT\",\"@id\":\"https:\\\/\\\/i0.wp.com\\\/revistaverde.fun\\\/wp-content\\\/uploads\\\/2024\\\/11\\\/Logo-Autor-Redondo-2.png?fit=645%2C645&ssl=1\",\"url\":\"https:\\\/\\\/i0.wp.com\\\/revistaverde.fun\\\/wp-content\\\/uploads\\\/2024\\\/11\\\/Logo-Autor-Redondo-2.png?fit=645%2C645&ssl=1\",\"contentUrl\":\"https:\\\/\\\/i0.wp.com\\\/revistaverde.fun\\\/wp-content\\\/uploads\\\/2024\\\/11\\\/Logo-Autor-Redondo-2.png?fit=645%2C645&ssl=1\",\"width\":645,\"height\":645,\"caption\":\"Ana Torres\"},\"logo\":{\"@id\":\"https:\\\/\\\/i0.wp.com\\\/revistaverde.fun\\\/wp-content\\\/uploads\\\/2024\\\/11\\\/Logo-Autor-Redondo-2.png?fit=645%2C645&ssl=1\"},\"sameAs\":[\"https:\\\/\\\/revistaverde.fun\"],\"publishingPrinciples\":\"https:\\\/\\\/revistaverde.fun\\\/politicas-de-privacidade\\\/\",\"ownershipFundingInfo\":\"https:\\\/\\\/revistaverde.fun\\\/sobre-nos\\\/\",\"actionableFeedbackPolicy\":\"https:\\\/\\\/revistaverde.fun\\\/politicas-de-privacidade\\\/\",\"correctionsPolicy\":\"https:\\\/\\\/revistaverde.fun\\\/politicas-de-privacidade\\\/\",\"ethicsPolicy\":\"https:\\\/\\\/revistaverde.fun\\\/politicas-de-privacidade\\\/\",\"diversityPolicy\":\"https:\\\/\\\/revistaverde.fun\\\/politicas-de-privacidade\\\/\",\"diversityStaffingReport\":\"https:\\\/\\\/revistaverde.fun\\\/politicas-de-privacidade\\\/\"}]}<\/script>\n<!-- \/ Yoast SEO Premium plugin. -->","yoast_head_json":{"title":"Fale Conosco - Revista Verde","description":"Entre em contato com a Revista Verde! Envie suas d\u00favidas, sugest\u00f5es ou feedbacks diretamente pela nossa p\u00e1gina de contato.","robots":{"index":"index","follow":"follow","max-snippet":"max-snippet:-1","max-image-preview":"max-image-preview:large","max-video-preview":"max-video-preview:-1"},"canonical":"https:\/\/revistaverde.fun\/pt_pt\/fale-conosco\/","og_locale":"pt_PT","og_type":"article","og_title":"Fale Conosco","og_description":"Entre em contato com a Revista Verde! Envie suas d\u00favidas, sugest\u00f5es ou feedbacks diretamente pela nossa p\u00e1gina de contato.","og_url":"https:\/\/revistaverde.fun\/pt_pt\/fale-conosco\/","og_site_name":"Revista Verde","article_modified_time":"2024-11-06T15:14:39+00:00","og_image":[{"width":500,"height":500,"url":"https:\/\/i0.wp.com\/revistaverde.fun\/wp-content\/uploads\/2024\/11\/Design_sem_nome-removebg-preview.png?fit=500%2C500&ssl=1","type":"image\/png"}],"twitter_card":"summary_large_image","twitter_misc":{"Tempo estimado de leitura":"1 minuto"},"schema":{"@context":"https:\/\/schema.org","@graph":[{"@type":"WebPage","@id":"https:\/\/revistaverde.fun\/fale-conosco\/","url":"https:\/\/revistaverde.fun\/fale-conosco\/","name":"Fale Conosco - Revista Verde","isPartOf":{"@id":"https:\/\/revistaverde.fun\/#website"},"datePublished":"2024-11-06T15:13:33+00:00","dateModified":"2024-11-06T15:14:39+00:00","description":"Entre em contato com a Revista Verde! Envie suas d\u00favidas, sugest\u00f5es ou feedbacks diretamente pela nossa p\u00e1gina de contato.","breadcrumb":{"@id":"https:\/\/revistaverde.fun\/fale-conosco\/#breadcrumb"},"inLanguage":"pt-PT","potentialAction":[{"@type":"ReadAction","target":["https:\/\/revistaverde.fun\/fale-conosco\/"]}]},{"@type":"BreadcrumbList","@id":"https:\/\/revistaverde.fun\/fale-conosco\/#breadcrumb","itemListElement":[{"@type":"ListItem","position":1,"name":"In\u00edcio","item":"https:\/\/revistaverde.fun\/"},{"@type":"ListItem","position":2,"name":"Fale Conosco"}]},{"@type":"WebSite","@id":"https:\/\/revistaverde.fun\/#website","url":"https:\/\/revistaverde.fun\/","name":"Revista Verde","description":"Informa\u00e7\u00e3o e Praticidade","publisher":{"@id":"https:\/\/revistaverde.fun\/#\/schema\/person\/4641b3ef7dc9e04a05f1aece8ce87dd0"},"potentialAction":[{"@type":"SearchAction","target":{"@type":"EntryPoint","urlTemplate":"https:\/\/revistaverde.fun\/?s={search_term_string}"},"query-input":{"@type":"PropertyValueSpecification","valueRequired":true,"valueName":"search_term_string"}}],"inLanguage":"pt-PT"},{"@type":["Person","Organization"],"@id":"https:\/\/revistaverde.fun\/#\/schema\/person\/4641b3ef7dc9e04a05f1aece8ce87dd0","name":"Ana Torres","image":{"@type":"ImageObject","inLanguage":"pt-PT","@id":"https:\/\/i0.wp.com\/revistaverde.fun\/wp-content\/uploads\/2024\/11\/Logo-Autor-Redondo-2.png?fit=645%2C645&ssl=1","url":"https:\/\/i0.wp.com\/revistaverde.fun\/wp-content\/uploads\/2024\/11\/Logo-Autor-Redondo-2.png?fit=645%2C645&ssl=1","contentUrl":"https:\/\/i0.wp.com\/revistaverde.fun\/wp-content\/uploads\/2024\/11\/Logo-Autor-Redondo-2.png?fit=645%2C645&ssl=1","width":645,"height":645,"caption":"Ana Torres"},"logo":{"@id":"https:\/\/i0.wp.com\/revistaverde.fun\/wp-content\/uploads\/2024\/11\/Logo-Autor-Redondo-2.png?fit=645%2C645&ssl=1"},"sameAs":["https:\/\/revistaverde.fun"],"publishingPrinciples":"https:\/\/revistaverde.fun\/politicas-de-privacidade\/","ownershipFundingInfo":"https:\/\/revistaverde.fun\/sobre-nos\/","actionableFeedbackPolicy":"https:\/\/revistaverde.fun\/politicas-de-privacidade\/","correctionsPolicy":"https:\/\/revistaverde.fun\/politicas-de-privacidade\/","ethicsPolicy":"https:\/\/revistaverde.fun\/politicas-de-privacidade\/","diversityPolicy":"https:\/\/revistaverde.fun\/politicas-de-privacidade\/","diversityStaffingReport":"https:\/\/revistaverde.fun\/politicas-de-privacidade\/"}]}},"jetpack_sharing_enabled":true,"_links":{"self":[{"href":"https:\/\/revistaverde.fun\/pt_pt\/wp-json\/wp\/v2\/pages\/17","targetHints":{"allow":["GET"]}}],"collection":[{"href":"https:\/\/revistaverde.fun\/pt_pt\/wp-json\/wp\/v2\/pages"}],"about":[{"href":"https:\/\/revistaverde.fun\/pt_pt\/wp-json\/wp\/v2\/types\/page"}],"author":[{"embeddable":true,"href":"https:\/\/revistaverde.fun\/pt_pt\/wp-json\/wp\/v2\/users\/1"}],"replies":[{"embeddable":true,"href":"https:\/\/revistaverde.fun\/pt_pt\/wp-json\/wp\/v2\/comments?post=17"}],"version-history":[{"count":2,"href":"https:\/\/revistaverde.fun\/pt_pt\/wp-json\/wp\/v2\/pages\/17\/revisions"}],"predecessor-version":[{"id":25,"href":"https:\/\/revistaverde.fun\/pt_pt\/wp-json\/wp\/v2\/pages\/17\/revisions\/25"}],"wp:attachment":[{"href":"https:\/\/revistaverde.fun\/pt_pt\/wp-json\/wp\/v2\/media?parent=17"}],"curies":[{"name":"wp","href":"https:\/\/api.w.org\/{rel}","templated":true}]}}