{"id":3,"date":"2024-11-05T23:29:21","date_gmt":"2024-11-05T23:29:21","guid":{"rendered":"https:\/\/revistaverde.fun\/?page_id=3"},"modified":"2025-04-29T15:09:08","modified_gmt":"2025-04-29T18:09:08","slug":"politicas-de-privacidade","status":"publish","type":"page","link":"https:\/\/revistaverde.fun\/es\/politicas-de-privacidade\/","title":{"rendered":"Pol\u00edticas de privacidad"},"content":{"rendered":"<p class=\"\">Su privacidad es importante para nosotros. La pol\u00edtica de Revista Verde es respetar su privacidad con respecto a cualquier informaci\u00f3n que recopilemos de usted en el sitio web.&nbsp;<a href=\"https:\/\/revistaverde.fun\/es\/\">Revista Verde<\/a>, y otros sitios web que poseemos y operamos.<\/p>\n\n\n\n<p class=\"\">Solo solicitamos informaci\u00f3n personal cuando realmente la necesitamos para prestarle un servicio. Lo hacemos de forma justa y legal, con su conocimiento y consentimiento. Tambi\u00e9n le informamos por qu\u00e9 la recopilamos y c\u00f3mo la utilizaremos.<\/p>\n\n\n\n<p class=\"\">Solo conservamos la informaci\u00f3n recopilada el tiempo necesario para prestar el servicio solicitado. Al almacenar datos, los protegemos con medios comercialmente aceptables para evitar p\u00e9rdidas y robos, as\u00ed como el acceso, la divulgaci\u00f3n, la copia, el uso o la modificaci\u00f3n no autorizados.<\/p>\n\n\n\n<p class=\"\">No compartimos informaci\u00f3n de identificaci\u00f3n personal p\u00fablicamente ni con terceros, excepto cuando lo exige la ley.<\/p>\n\n\n\n<p class=\"\">Nuestro sitio web puede contener enlaces a sitios externos que no operamos. Tenga en cuenta que no tenemos control sobre el contenido ni las pr\u00e1cticas de estos sitios y no nos responsabilizamos de sus respectivas pol\u00edticas.&nbsp;<a href=\"https:\/\/politicaprivacidade.com\/\" rel=\"noreferrer noopener\" target=\"_blank\">pol\u00edticas de privacidad<\/a>.<\/p>\n\n\n\n<p class=\"\">Usted es libre de rechazar nuestra solicitud de informaci\u00f3n personal, entendiendo que es posible que no podamos brindarle algunos de los servicios que desea.<\/p>\n\n\n\n<p class=\"\">El uso continuado de nuestro sitio web se considerar\u00e1 como la aceptaci\u00f3n de nuestras pr\u00e1cticas de privacidad e informaci\u00f3n personal. Si tiene alguna pregunta sobre c\u00f3mo gestionamos los datos de los usuarios y la informaci\u00f3n personal, p\u00f3ngase en contacto con nosotros.<\/p>\n\n\n\n<ul class=\"wp-block-list\">\n<li class=\"\">El servicio Google AdSense que utilizamos para mostrar publicidad utiliza una cookie de DoubleClick para ofrecer anuncios m\u00e1s relevantes en la web y limitar la cantidad de veces que se le muestra un anuncio determinado.<\/li>\n\n\n\n<li class=\"\">Para obtener m\u00e1s informaci\u00f3n sobre Google AdSense, consulte las preguntas frecuentes oficiales sobre privacidad de Google AdSense.<\/li>\n\n\n\n<li class=\"\">Utilizamos publicidad para compensar los costes de funcionamiento de este sitio y financiar su desarrollo futuro. Las cookies de publicidad comportamental que utiliza este sitio est\u00e1n dise\u00f1adas para garantizar que se le muestren los anuncios m\u00e1s relevantes siempre que sea posible, rastreando an\u00f3nimamente sus intereses y presentando contenido similar que pueda interesarle.<\/li>\n\n\n\n<li class=\"\">Varios socios hacen publicidad en nuestro nombre, y las cookies de seguimiento de afiliados simplemente nos permiten ver si nuestros clientes accedieron al sitio a trav\u00e9s de uno de los sitios de nuestros socios, para que podamos acreditarlos adecuadamente y, cuando corresponda, permitir que nuestros socios afiliados ofrezcan cualquier promoci\u00f3n que puedan proporcionar para alentarlo a realizar una compra.<\/li>\n<\/ul>\n\n\n\n<h3 class=\"wp-block-heading\" id=\"h-compromisso-do-usuario\">Compromiso del usuario<\/h3>\n\n\n\n<p class=\"\">El usuario se compromete a hacer un uso adecuado del contenido e informaci\u00f3n que Revista Verde ofrece en el sitio web, incluyendo pero no limitado a:<\/p>\n\n\n\n<ul class=\"wp-block-list\">\n<li class=\"\">A) No incurrir en actividades ilegales o contrarias a la buena fe y al orden p\u00fablico;<\/li>\n\n\n\n<li class=\"\">B) No difundir propaganda o contenidos de car\u00e1cter racista, xen\u00f3fobo,&nbsp;<a href=\"https:\/\/betnacionalbrasil.br.com\/\">Apuesta Nacional<\/a>&nbsp;o mala suerte, cualquier tipo de pornograf\u00eda ilegal, incitaci\u00f3n al terrorismo o contenido que atente contra los derechos humanos;<\/li>\n\n\n\n<li class=\"\">C) No provocar da\u00f1os en los sistemas f\u00edsicos (hardware) y l\u00f3gicos (software) de Revista Verde, de sus proveedores o de terceros, introducir o difundir en la red virus inform\u00e1ticos o cualesquiera otros sistemas f\u00edsicos o l\u00f3gicos que sean susceptibles de provocar los da\u00f1os anteriormente mencionados.<\/li>\n<\/ul>\n\n\n\n<h3 class=\"wp-block-heading\" id=\"h-mais-informacoes\">M\u00e1s informaci\u00f3n<\/h3>\n\n\n\n<p class=\"\">Esperamos que esto est\u00e9 claro y, como se mencion\u00f3 anteriormente, si hay algo que no est\u00e1 seguro si necesita o no, generalmente es m\u00e1s seguro dejar las cookies habilitadas en caso de que interact\u00fae con una de las funciones que utiliza en nuestro sitio web.<\/p>\n\n\n\n<p class=\"\">Esta pol\u00edtica entra en vigor el 6 de noviembre de 2024 a las 14:41.<\/p>","protected":false},"excerpt":{"rendered":"<p>A sua privacidade \u00e9 importante para n\u00f3s. \u00c9 pol\u00edtica do Revista Verde respeitar a sua privacidade em rela\u00e7\u00e3o a qualquer informa\u00e7\u00e3o sua que possamos coletar no site&nbsp;Revista Verde, e outros sites que possu\u00edmos e operamos. Solicitamos informa\u00e7\u00f5es pessoais apenas quando realmente precisamos delas para lhe fornecer um servi\u00e7o. Fazemo-lo por meios justos e legais, com [&hellip;]<\/p>\n","protected":false},"author":1,"featured_media":0,"parent":0,"menu_order":0,"comment_status":"closed","ping_status":"open","template":"","meta":{"nf_dc_page":"","footnotes":""},"class_list":["post-3","page","type-page","status-publish","hentry"],"blocksy_meta":[],"yoast_head":"<!-- This site is optimized with the Yoast SEO Premium plugin v23.7 (Yoast SEO v27.4) - https:\/\/yoast.com\/product\/yoast-seo-premium-wordpress\/ -->\n<title>Pol\u00edticas de Privacidade - Revista Verde<\/title>\n<meta name=\"description\" content=\"Conhe\u00e7a a pol\u00edtica de privacidade da Revista Verde e como protegemos seus dados e informa\u00e7\u00f5es pessoais.\" \/>\n<meta name=\"robots\" content=\"index, follow, max-snippet:-1, max-image-preview:large, max-video-preview:-1\" \/>\n<link rel=\"canonical\" href=\"https:\/\/revistaverde.fun\/es\/politicas-de-privacidade\/\" \/>\n<meta property=\"og:locale\" content=\"es_ES\" \/>\n<meta property=\"og:type\" content=\"article\" \/>\n<meta property=\"og:title\" content=\"Pol\u00edticas de Privacidade\" \/>\n<meta property=\"og:description\" content=\"Conhe\u00e7a a pol\u00edtica de privacidade da Revista Verde e como protegemos seus dados e informa\u00e7\u00f5es pessoais.\" \/>\n<meta property=\"og:url\" content=\"https:\/\/revistaverde.fun\/es\/politicas-de-privacidade\/\" \/>\n<meta property=\"og:site_name\" content=\"Revista Verde\" \/>\n<meta property=\"article:modified_time\" content=\"2025-04-29T18:09:08+00:00\" \/>\n<meta property=\"og:image\" content=\"https:\/\/i0.wp.com\/revistaverde.fun\/wp-content\/uploads\/2024\/11\/Design_sem_nome-removebg-preview.png?fit=500%2C500&ssl=1\" \/>\n\t<meta property=\"og:image:width\" content=\"500\" \/>\n\t<meta property=\"og:image:height\" content=\"500\" \/>\n\t<meta property=\"og:image:type\" content=\"image\/png\" \/>\n<meta name=\"twitter:card\" content=\"summary_large_image\" \/>\n<meta name=\"twitter:label1\" content=\"Tiempo de lectura\" \/>\n\t<meta name=\"twitter:data1\" content=\"4 minutos\" \/>\n<script type=\"application\/ld+json\" class=\"yoast-schema-graph\">{\"@context\":\"https:\\\/\\\/schema.org\",\"@graph\":[{\"@type\":\"WebPage\",\"@id\":\"https:\\\/\\\/revistaverde.fun\\\/politicas-de-privacidade\\\/\",\"url\":\"https:\\\/\\\/revistaverde.fun\\\/politicas-de-privacidade\\\/\",\"name\":\"Pol\u00edticas de Privacidade - Revista Verde\",\"isPartOf\":{\"@id\":\"https:\\\/\\\/revistaverde.fun\\\/#website\"},\"datePublished\":\"2024-11-05T23:29:21+00:00\",\"dateModified\":\"2025-04-29T18:09:08+00:00\",\"description\":\"Conhe\u00e7a a pol\u00edtica de privacidade da Revista Verde e como protegemos seus dados e informa\u00e7\u00f5es pessoais.\",\"breadcrumb\":{\"@id\":\"https:\\\/\\\/revistaverde.fun\\\/politicas-de-privacidade\\\/#breadcrumb\"},\"inLanguage\":\"es\",\"potentialAction\":[{\"@type\":\"ReadAction\",\"target\":[\"https:\\\/\\\/revistaverde.fun\\\/politicas-de-privacidade\\\/\"]}]},{\"@type\":\"BreadcrumbList\",\"@id\":\"https:\\\/\\\/revistaverde.fun\\\/politicas-de-privacidade\\\/#breadcrumb\",\"itemListElement\":[{\"@type\":\"ListItem\",\"position\":1,\"name\":\"In\u00edcio\",\"item\":\"https:\\\/\\\/revistaverde.fun\\\/\"},{\"@type\":\"ListItem\",\"position\":2,\"name\":\"Pol\u00edticas de Privacidade\"}]},{\"@type\":\"WebSite\",\"@id\":\"https:\\\/\\\/revistaverde.fun\\\/#website\",\"url\":\"https:\\\/\\\/revistaverde.fun\\\/\",\"name\":\"Revista Verde\",\"description\":\"Informa\u00e7\u00e3o e Praticidade\",\"publisher\":{\"@id\":\"https:\\\/\\\/revistaverde.fun\\\/#\\\/schema\\\/person\\\/4641b3ef7dc9e04a05f1aece8ce87dd0\"},\"potentialAction\":[{\"@type\":\"SearchAction\",\"target\":{\"@type\":\"EntryPoint\",\"urlTemplate\":\"https:\\\/\\\/revistaverde.fun\\\/?s={search_term_string}\"},\"query-input\":{\"@type\":\"PropertyValueSpecification\",\"valueRequired\":true,\"valueName\":\"search_term_string\"}}],\"inLanguage\":\"es\"},{\"@type\":[\"Person\",\"Organization\"],\"@id\":\"https:\\\/\\\/revistaverde.fun\\\/#\\\/schema\\\/person\\\/4641b3ef7dc9e04a05f1aece8ce87dd0\",\"name\":\"Ana Torres\",\"image\":{\"@type\":\"ImageObject\",\"inLanguage\":\"es\",\"@id\":\"https:\\\/\\\/i0.wp.com\\\/revistaverde.fun\\\/wp-content\\\/uploads\\\/2024\\\/11\\\/Logo-Autor-Redondo-2.png?fit=645%2C645&ssl=1\",\"url\":\"https:\\\/\\\/i0.wp.com\\\/revistaverde.fun\\\/wp-content\\\/uploads\\\/2024\\\/11\\\/Logo-Autor-Redondo-2.png?fit=645%2C645&ssl=1\",\"contentUrl\":\"https:\\\/\\\/i0.wp.com\\\/revistaverde.fun\\\/wp-content\\\/uploads\\\/2024\\\/11\\\/Logo-Autor-Redondo-2.png?fit=645%2C645&ssl=1\",\"width\":645,\"height\":645,\"caption\":\"Ana Torres\"},\"logo\":{\"@id\":\"https:\\\/\\\/i0.wp.com\\\/revistaverde.fun\\\/wp-content\\\/uploads\\\/2024\\\/11\\\/Logo-Autor-Redondo-2.png?fit=645%2C645&ssl=1\"},\"sameAs\":[\"https:\\\/\\\/revistaverde.fun\"],\"publishingPrinciples\":\"https:\\\/\\\/revistaverde.fun\\\/politicas-de-privacidade\\\/\",\"ownershipFundingInfo\":\"https:\\\/\\\/revistaverde.fun\\\/sobre-nos\\\/\",\"actionableFeedbackPolicy\":\"https:\\\/\\\/revistaverde.fun\\\/politicas-de-privacidade\\\/\",\"correctionsPolicy\":\"https:\\\/\\\/revistaverde.fun\\\/politicas-de-privacidade\\\/\",\"ethicsPolicy\":\"https:\\\/\\\/revistaverde.fun\\\/politicas-de-privacidade\\\/\",\"diversityPolicy\":\"https:\\\/\\\/revistaverde.fun\\\/politicas-de-privacidade\\\/\",\"diversityStaffingReport\":\"https:\\\/\\\/revistaverde.fun\\\/politicas-de-privacidade\\\/\"}]}<\/script>\n<!-- \/ Yoast SEO Premium plugin. -->","yoast_head_json":{"title":"Pol\u00edtica de privacidad - Revista Verde","description":"Conozca la pol\u00edtica de privacidad de Revista Verde y c\u00f3mo protegemos sus datos e informaci\u00f3n personal.","robots":{"index":"index","follow":"follow","max-snippet":"max-snippet:-1","max-image-preview":"max-image-preview:large","max-video-preview":"max-video-preview:-1"},"canonical":"https:\/\/revistaverde.fun\/es\/politicas-de-privacidade\/","og_locale":"es_ES","og_type":"article","og_title":"Pol\u00edticas de Privacidade","og_description":"Conhe\u00e7a a pol\u00edtica de privacidade da Revista Verde e como protegemos seus dados e informa\u00e7\u00f5es pessoais.","og_url":"https:\/\/revistaverde.fun\/es\/politicas-de-privacidade\/","og_site_name":"Revista Verde","article_modified_time":"2025-04-29T18:09:08+00:00","og_image":[{"width":500,"height":500,"url":"https:\/\/i0.wp.com\/revistaverde.fun\/wp-content\/uploads\/2024\/11\/Design_sem_nome-removebg-preview.png?fit=500%2C500&ssl=1","type":"image\/png"}],"twitter_card":"summary_large_image","twitter_misc":{"Tiempo de lectura":"4 minutos"},"schema":{"@context":"https:\/\/schema.org","@graph":[{"@type":"WebPage","@id":"https:\/\/revistaverde.fun\/politicas-de-privacidade\/","url":"https:\/\/revistaverde.fun\/politicas-de-privacidade\/","name":"Pol\u00edtica de privacidad - Revista Verde","isPartOf":{"@id":"https:\/\/revistaverde.fun\/#website"},"datePublished":"2024-11-05T23:29:21+00:00","dateModified":"2025-04-29T18:09:08+00:00","description":"Conozca la pol\u00edtica de privacidad de Revista Verde y c\u00f3mo protegemos sus datos e informaci\u00f3n personal.","breadcrumb":{"@id":"https:\/\/revistaverde.fun\/politicas-de-privacidade\/#breadcrumb"},"inLanguage":"es","potentialAction":[{"@type":"ReadAction","target":["https:\/\/revistaverde.fun\/politicas-de-privacidade\/"]}]},{"@type":"BreadcrumbList","@id":"https:\/\/revistaverde.fun\/politicas-de-privacidade\/#breadcrumb","itemListElement":[{"@type":"ListItem","position":1,"name":"In\u00edcio","item":"https:\/\/revistaverde.fun\/"},{"@type":"ListItem","position":2,"name":"Pol\u00edticas de Privacidade"}]},{"@type":"WebSite","@id":"https:\/\/revistaverde.fun\/#website","url":"https:\/\/revistaverde.fun\/","name":"Revista Verde","description":"Informaci\u00f3n y practicidad","publisher":{"@id":"https:\/\/revistaverde.fun\/#\/schema\/person\/4641b3ef7dc9e04a05f1aece8ce87dd0"},"potentialAction":[{"@type":"SearchAction","target":{"@type":"EntryPoint","urlTemplate":"https:\/\/revistaverde.fun\/?s={search_term_string}"},"query-input":{"@type":"PropertyValueSpecification","valueRequired":true,"valueName":"search_term_string"}}],"inLanguage":"es"},{"@type":["Person","Organization"],"@id":"https:\/\/revistaverde.fun\/#\/schema\/person\/4641b3ef7dc9e04a05f1aece8ce87dd0","name":"Ana Torres","image":{"@type":"ImageObject","inLanguage":"es","@id":"https:\/\/i0.wp.com\/revistaverde.fun\/wp-content\/uploads\/2024\/11\/Logo-Autor-Redondo-2.png?fit=645%2C645&ssl=1","url":"https:\/\/i0.wp.com\/revistaverde.fun\/wp-content\/uploads\/2024\/11\/Logo-Autor-Redondo-2.png?fit=645%2C645&ssl=1","contentUrl":"https:\/\/i0.wp.com\/revistaverde.fun\/wp-content\/uploads\/2024\/11\/Logo-Autor-Redondo-2.png?fit=645%2C645&ssl=1","width":645,"height":645,"caption":"Ana Torres"},"logo":{"@id":"https:\/\/i0.wp.com\/revistaverde.fun\/wp-content\/uploads\/2024\/11\/Logo-Autor-Redondo-2.png?fit=645%2C645&ssl=1"},"sameAs":["https:\/\/revistaverde.fun"],"publishingPrinciples":"https:\/\/revistaverde.fun\/politicas-de-privacidade\/","ownershipFundingInfo":"https:\/\/revistaverde.fun\/sobre-nos\/","actionableFeedbackPolicy":"https:\/\/revistaverde.fun\/politicas-de-privacidade\/","correctionsPolicy":"https:\/\/revistaverde.fun\/politicas-de-privacidade\/","ethicsPolicy":"https:\/\/revistaverde.fun\/politicas-de-privacidade\/","diversityPolicy":"https:\/\/revistaverde.fun\/politicas-de-privacidade\/","diversityStaffingReport":"https:\/\/revistaverde.fun\/politicas-de-privacidade\/"}]}},"jetpack_sharing_enabled":true,"_links":{"self":[{"href":"https:\/\/revistaverde.fun\/es\/wp-json\/wp\/v2\/pages\/3","targetHints":{"allow":["GET"]}}],"collection":[{"href":"https:\/\/revistaverde.fun\/es\/wp-json\/wp\/v2\/pages"}],"about":[{"href":"https:\/\/revistaverde.fun\/es\/wp-json\/wp\/v2\/types\/page"}],"author":[{"embeddable":true,"href":"https:\/\/revistaverde.fun\/es\/wp-json\/wp\/v2\/users\/1"}],"replies":[{"embeddable":true,"href":"https:\/\/revistaverde.fun\/es\/wp-json\/wp\/v2\/comments?post=3"}],"version-history":[{"count":3,"href":"https:\/\/revistaverde.fun\/es\/wp-json\/wp\/v2\/pages\/3\/revisions"}],"predecessor-version":[{"id":3216,"href":"https:\/\/revistaverde.fun\/es\/wp-json\/wp\/v2\/pages\/3\/revisions\/3216"}],"wp:attachment":[{"href":"https:\/\/revistaverde.fun\/es\/wp-json\/wp\/v2\/media?parent=3"}],"curies":[{"name":"wp","href":"https:\/\/api.w.org\/{rel}","templated":true}]}}