{"id":15,"date":"2024-11-06T11:51:50","date_gmt":"2024-11-06T14:51:50","guid":{"rendered":"https:\/\/revistaverde.fun\/?page_id=15"},"modified":"2024-11-06T11:51:55","modified_gmt":"2024-11-06T14:51:55","slug":"termos-e-condicoes-de-uso","status":"publish","type":"page","link":"https:\/\/revistaverde.fun\/es\/termos-e-condicoes-de-uso\/","title":{"rendered":"T\u00e9rminos y condiciones de uso"},"content":{"rendered":"<h2 class=\"wp-block-heading\" id=\"h-1-termos\">1. Condiciones<\/h2>\n\n\n\n<p class=\"\">Al acceder al sitio web&nbsp;<a href=\"https:\/\/revistaverde.fun\/es\/\">Revista Verde<\/a>, Al usar este sitio, usted acepta estar sujeto a estos t\u00e9rminos de servicio y a todas las leyes y regulaciones aplicables, y acepta ser responsable del cumplimiento de todas las leyes locales aplicables. Si no acepta alguno de estos t\u00e9rminos, se le proh\u00edbe usar o acceder a este sitio. Los materiales contenidos en este sitio web est\u00e1n protegidos por las leyes aplicables de derechos de autor y marcas registradas.<\/p>\n\n\n\n<h2 class=\"wp-block-heading\" id=\"h-2-uso-de-licenca\">2. Uso de la licencia<\/h2>\n\n\n\n<p class=\"\">Se concede permiso para descargar temporalmente una copia de los materiales (informaci\u00f3n o software) del sitio web de Revista Verde, \u00fanicamente para su visualizaci\u00f3n personal, no comercial y transitoria. Esta licencia constituye una concesi\u00f3n de licencia, no una transferencia de titularidad, y bajo esta licencia no podr\u00e1:&nbsp;<\/p>\n\n\n\n<ol class=\"wp-block-list\">\n<li class=\"\">modificar o copiar los materiales;\u00a0<\/li>\n\n\n\n<li class=\"\">Utilizar los materiales para cualquier prop\u00f3sito comercial o para exhibici\u00f3n p\u00fablica (comercial o no comercial);\u00a0<\/li>\n\n\n\n<li class=\"\">Intentar descompilar o realizar ingenier\u00eda inversa a cualquier software contenido en el sitio web de Revista Verde;\u00a0<\/li>\n\n\n\n<li class=\"\">eliminar cualquier derecho de autor u otras notaciones de propiedad de los materiales; o\u00a0<\/li>\n\n\n\n<li class=\"\">Transferir los materiales a otra persona o \u2018duplicar\u2019 los materiales en cualquier otro servidor.<\/li>\n<\/ol>\n\n\n\n<p class=\"\">Esta licencia se rescindir\u00e1 autom\u00e1ticamente si usted infringe cualquiera de estas restricciones y Revista Verde podr\u00e1 rescindirla en cualquier momento. Al finalizar la visualizaci\u00f3n de estos materiales o al rescindirse esta licencia, deber\u00e1 destruir todos los materiales descargados que tenga en su poder, ya sea en formato electr\u00f3nico o impreso.<\/p>\n\n\n\n<h2 class=\"wp-block-heading\" id=\"h-3-isencao-de-responsabilidade\">3. Descargo de responsabilidad<\/h2>\n\n\n\n<ol class=\"wp-block-list\">\n<li class=\"\">Los materiales del sitio web de Revista Verde se proporcionan tal cual. Revista Verde no ofrece garant\u00edas, expresas ni impl\u00edcitas, y por la presente renuncia y niega cualquier otra garant\u00eda, incluyendo, entre otras, las garant\u00edas o condiciones impl\u00edcitas de comerciabilidad, idoneidad para un fin determinado o no infracci\u00f3n de la propiedad intelectual u otra violaci\u00f3n de derechos.<\/li>\n\n\n\n<li class=\"\">Adem\u00e1s, Revista Verde no garantiza ni hace ninguna declaraci\u00f3n sobre la exactitud, los resultados probables o la confiabilidad del uso de los materiales en su sitio web o de otro modo relacionados con dichos materiales o en cualquier sitio vinculado a este sitio.<\/li>\n<\/ol>\n\n\n\n<h2 class=\"wp-block-heading\" id=\"h-4-limitacoes\">4. Limitaciones<\/h2>\n\n\n\n<p class=\"\">Revista Verde y sus proveedores no ser\u00e1n responsables en ning\u00fan caso de ning\u00fan da\u00f1o (incluyendo, sin limitaci\u00f3n, da\u00f1os por p\u00e9rdida de datos o beneficios, o debido a la interrupci\u00f3n del negocio) que surja del uso o la imposibilidad de usar los materiales del sitio web de Revista Verde, incluso si Revista Verde o un representante autorizado de Revista Verde ha sido notificado oralmente o por escrito de la posibilidad de dichos da\u00f1os. Dado que algunas jurisdicciones no permiten limitaciones a las garant\u00edas impl\u00edcitas ni limitaciones de responsabilidad por da\u00f1os consecuentes o incidentales, estas limitaciones podr\u00edan no ser aplicables en su caso.<\/p>\n\n\n\n<h2 class=\"wp-block-heading\" id=\"h-5-precisao-dos-materiais\">5. Precisi\u00f3n de los materiales<\/h2>\n\n\n\n<p class=\"\">Los materiales publicados en el sitio web de Revista Verde pueden contener errores t\u00e9cnicos, tipogr\u00e1ficos o fotogr\u00e1ficos. Revista Verde no garantiza la exactitud, integridad ni actualidad del material de su sitio web. Revista Verde podr\u00e1 modificar los materiales de su sitio web en cualquier momento sin previo aviso. Sin embargo, Revista Verde no se compromete a actualizarlos.<\/p>\n\n\n\n<h2 class=\"wp-block-heading\" id=\"h-6-links\">6. Enlaces<\/h2>\n\n\n\n<p class=\"\">Revista Verde no ha revisado todos los sitios enlazados a su sitio web y no se responsabiliza del contenido de ninguno de ellos. La inclusi\u00f3n de un enlace no implica la aprobaci\u00f3n del sitio por parte de Revista Verde. El uso de cualquier sitio enlazado es bajo el propio riesgo del usuario.<\/p>\n\n\n\n<h3 class=\"wp-block-heading\" id=\"h-modificacoes\">Modificaciones<\/h3>\n\n\n\n<p class=\"\">Revista Verde podr\u00e1 modificar estas condiciones de servicio en cualquier momento sin previo aviso. Al utilizar este sitio web, usted acepta la versi\u00f3n vigente de estas condiciones de servicio.<\/p>\n\n\n\n<h3 class=\"wp-block-heading\" id=\"h-lei-aplicavel\">Ley aplicable<\/h3>\n\n\n\n<p class=\"\">Estos t\u00e9rminos y condiciones se rigen e interpretan de conformidad con las leyes de Revista Verde, y usted se somete irrevocablemente a la jurisdicci\u00f3n exclusiva de los tribunales de ese estado o localidad.<\/p>","protected":false},"excerpt":{"rendered":"<p>1. Termos Ao acessar ao site&nbsp;Revista Verde, concorda em cumprir estes termos de servi\u00e7o, todas as leis e regulamentos aplic\u00e1veis \u200b\u200be concorda que \u00e9 respons\u00e1vel pelo cumprimento de todas as leis locais aplic\u00e1veis. Se voc\u00ea n\u00e3o concordar com algum desses termos, est\u00e1 proibido de usar ou acessar este site. Os materiais contidos neste site s\u00e3o [&hellip;]<\/p>\n","protected":false},"author":1,"featured_media":0,"parent":0,"menu_order":0,"comment_status":"closed","ping_status":"closed","template":"","meta":{"nf_dc_page":"","footnotes":""},"class_list":["post-15","page","type-page","status-publish","hentry"],"blocksy_meta":[],"yoast_head":"<!-- This site is optimized with the Yoast SEO Premium plugin v23.7 (Yoast SEO v27.4) - https:\/\/yoast.com\/product\/yoast-seo-premium-wordpress\/ -->\n<title>Termos e Condi\u00e7\u00f5es de Uso - Revista Verde<\/title>\n<meta name=\"description\" content=\"Confira os termos e condi\u00e7\u00f5es de uso da Revista Verde e entenda nossas regras para acesso e navega\u00e7\u00e3o no site.\" \/>\n<meta name=\"robots\" content=\"index, follow, max-snippet:-1, max-image-preview:large, max-video-preview:-1\" \/>\n<link rel=\"canonical\" href=\"https:\/\/revistaverde.fun\/es\/termos-e-condicoes-de-uso\/\" \/>\n<meta property=\"og:locale\" content=\"es_ES\" \/>\n<meta property=\"og:type\" content=\"article\" \/>\n<meta property=\"og:title\" content=\"Termos e Condi\u00e7\u00f5es de Uso\" \/>\n<meta property=\"og:description\" content=\"Confira os termos e condi\u00e7\u00f5es de uso da Revista Verde e entenda nossas regras para acesso e navega\u00e7\u00e3o no site.\" \/>\n<meta property=\"og:url\" content=\"https:\/\/revistaverde.fun\/es\/termos-e-condicoes-de-uso\/\" \/>\n<meta property=\"og:site_name\" content=\"Revista Verde\" \/>\n<meta property=\"article:modified_time\" content=\"2024-11-06T14:51:55+00:00\" \/>\n<meta property=\"og:image\" content=\"https:\/\/i0.wp.com\/revistaverde.fun\/wp-content\/uploads\/2024\/11\/Design_sem_nome-removebg-preview.png?fit=500%2C500&ssl=1\" \/>\n\t<meta property=\"og:image:width\" content=\"500\" \/>\n\t<meta property=\"og:image:height\" content=\"500\" \/>\n\t<meta property=\"og:image:type\" content=\"image\/png\" \/>\n<meta name=\"twitter:card\" content=\"summary_large_image\" \/>\n<meta name=\"twitter:label1\" content=\"Tiempo de lectura\" \/>\n\t<meta name=\"twitter:data1\" content=\"4 minutos\" \/>\n<script type=\"application\/ld+json\" class=\"yoast-schema-graph\">{\"@context\":\"https:\\\/\\\/schema.org\",\"@graph\":[{\"@type\":\"WebPage\",\"@id\":\"https:\\\/\\\/revistaverde.fun\\\/termos-e-condicoes-de-uso\\\/\",\"url\":\"https:\\\/\\\/revistaverde.fun\\\/termos-e-condicoes-de-uso\\\/\",\"name\":\"Termos e Condi\u00e7\u00f5es de Uso - Revista Verde\",\"isPartOf\":{\"@id\":\"https:\\\/\\\/revistaverde.fun\\\/#website\"},\"datePublished\":\"2024-11-06T14:51:50+00:00\",\"dateModified\":\"2024-11-06T14:51:55+00:00\",\"description\":\"Confira os termos e condi\u00e7\u00f5es de uso da Revista Verde e entenda nossas regras para acesso e navega\u00e7\u00e3o no site.\",\"breadcrumb\":{\"@id\":\"https:\\\/\\\/revistaverde.fun\\\/termos-e-condicoes-de-uso\\\/#breadcrumb\"},\"inLanguage\":\"es\",\"potentialAction\":[{\"@type\":\"ReadAction\",\"target\":[\"https:\\\/\\\/revistaverde.fun\\\/termos-e-condicoes-de-uso\\\/\"]}]},{\"@type\":\"BreadcrumbList\",\"@id\":\"https:\\\/\\\/revistaverde.fun\\\/termos-e-condicoes-de-uso\\\/#breadcrumb\",\"itemListElement\":[{\"@type\":\"ListItem\",\"position\":1,\"name\":\"In\u00edcio\",\"item\":\"https:\\\/\\\/revistaverde.fun\\\/\"},{\"@type\":\"ListItem\",\"position\":2,\"name\":\"Termos e Condi\u00e7\u00f5es de Uso\"}]},{\"@type\":\"WebSite\",\"@id\":\"https:\\\/\\\/revistaverde.fun\\\/#website\",\"url\":\"https:\\\/\\\/revistaverde.fun\\\/\",\"name\":\"Revista Verde\",\"description\":\"Informa\u00e7\u00e3o e Praticidade\",\"publisher\":{\"@id\":\"https:\\\/\\\/revistaverde.fun\\\/#\\\/schema\\\/person\\\/4641b3ef7dc9e04a05f1aece8ce87dd0\"},\"potentialAction\":[{\"@type\":\"SearchAction\",\"target\":{\"@type\":\"EntryPoint\",\"urlTemplate\":\"https:\\\/\\\/revistaverde.fun\\\/?s={search_term_string}\"},\"query-input\":{\"@type\":\"PropertyValueSpecification\",\"valueRequired\":true,\"valueName\":\"search_term_string\"}}],\"inLanguage\":\"es\"},{\"@type\":[\"Person\",\"Organization\"],\"@id\":\"https:\\\/\\\/revistaverde.fun\\\/#\\\/schema\\\/person\\\/4641b3ef7dc9e04a05f1aece8ce87dd0\",\"name\":\"Ana Torres\",\"image\":{\"@type\":\"ImageObject\",\"inLanguage\":\"es\",\"@id\":\"https:\\\/\\\/i0.wp.com\\\/revistaverde.fun\\\/wp-content\\\/uploads\\\/2024\\\/11\\\/Logo-Autor-Redondo-2.png?fit=645%2C645&ssl=1\",\"url\":\"https:\\\/\\\/i0.wp.com\\\/revistaverde.fun\\\/wp-content\\\/uploads\\\/2024\\\/11\\\/Logo-Autor-Redondo-2.png?fit=645%2C645&ssl=1\",\"contentUrl\":\"https:\\\/\\\/i0.wp.com\\\/revistaverde.fun\\\/wp-content\\\/uploads\\\/2024\\\/11\\\/Logo-Autor-Redondo-2.png?fit=645%2C645&ssl=1\",\"width\":645,\"height\":645,\"caption\":\"Ana Torres\"},\"logo\":{\"@id\":\"https:\\\/\\\/i0.wp.com\\\/revistaverde.fun\\\/wp-content\\\/uploads\\\/2024\\\/11\\\/Logo-Autor-Redondo-2.png?fit=645%2C645&ssl=1\"},\"sameAs\":[\"https:\\\/\\\/revistaverde.fun\"],\"publishingPrinciples\":\"https:\\\/\\\/revistaverde.fun\\\/politicas-de-privacidade\\\/\",\"ownershipFundingInfo\":\"https:\\\/\\\/revistaverde.fun\\\/sobre-nos\\\/\",\"actionableFeedbackPolicy\":\"https:\\\/\\\/revistaverde.fun\\\/politicas-de-privacidade\\\/\",\"correctionsPolicy\":\"https:\\\/\\\/revistaverde.fun\\\/politicas-de-privacidade\\\/\",\"ethicsPolicy\":\"https:\\\/\\\/revistaverde.fun\\\/politicas-de-privacidade\\\/\",\"diversityPolicy\":\"https:\\\/\\\/revistaverde.fun\\\/politicas-de-privacidade\\\/\",\"diversityStaffingReport\":\"https:\\\/\\\/revistaverde.fun\\\/politicas-de-privacidade\\\/\"}]}<\/script>\n<!-- \/ Yoast SEO Premium plugin. -->","yoast_head_json":{"title":"Termos e Condi\u00e7\u00f5es de Uso - Revista Verde","description":"Confira os termos e condi\u00e7\u00f5es de uso da Revista Verde e entenda nossas regras para acesso e navega\u00e7\u00e3o no site.","robots":{"index":"index","follow":"follow","max-snippet":"max-snippet:-1","max-image-preview":"max-image-preview:large","max-video-preview":"max-video-preview:-1"},"canonical":"https:\/\/revistaverde.fun\/es\/termos-e-condicoes-de-uso\/","og_locale":"es_ES","og_type":"article","og_title":"Termos e Condi\u00e7\u00f5es de Uso","og_description":"Confira os termos e condi\u00e7\u00f5es de uso da Revista Verde e entenda nossas regras para acesso e navega\u00e7\u00e3o no site.","og_url":"https:\/\/revistaverde.fun\/es\/termos-e-condicoes-de-uso\/","og_site_name":"Revista Verde","article_modified_time":"2024-11-06T14:51:55+00:00","og_image":[{"width":500,"height":500,"url":"https:\/\/i0.wp.com\/revistaverde.fun\/wp-content\/uploads\/2024\/11\/Design_sem_nome-removebg-preview.png?fit=500%2C500&ssl=1","type":"image\/png"}],"twitter_card":"summary_large_image","twitter_misc":{"Tiempo de lectura":"4 minutos"},"schema":{"@context":"https:\/\/schema.org","@graph":[{"@type":"WebPage","@id":"https:\/\/revistaverde.fun\/termos-e-condicoes-de-uso\/","url":"https:\/\/revistaverde.fun\/termos-e-condicoes-de-uso\/","name":"Termos e Condi\u00e7\u00f5es de Uso - Revista Verde","isPartOf":{"@id":"https:\/\/revistaverde.fun\/#website"},"datePublished":"2024-11-06T14:51:50+00:00","dateModified":"2024-11-06T14:51:55+00:00","description":"Confira os termos e condi\u00e7\u00f5es de uso da Revista Verde e entenda nossas regras para acesso e navega\u00e7\u00e3o no site.","breadcrumb":{"@id":"https:\/\/revistaverde.fun\/termos-e-condicoes-de-uso\/#breadcrumb"},"inLanguage":"es","potentialAction":[{"@type":"ReadAction","target":["https:\/\/revistaverde.fun\/termos-e-condicoes-de-uso\/"]}]},{"@type":"BreadcrumbList","@id":"https:\/\/revistaverde.fun\/termos-e-condicoes-de-uso\/#breadcrumb","itemListElement":[{"@type":"ListItem","position":1,"name":"In\u00edcio","item":"https:\/\/revistaverde.fun\/"},{"@type":"ListItem","position":2,"name":"Termos e Condi\u00e7\u00f5es de Uso"}]},{"@type":"WebSite","@id":"https:\/\/revistaverde.fun\/#website","url":"https:\/\/revistaverde.fun\/","name":"Revista Verde","description":"Informaci\u00f3n y practicidad","publisher":{"@id":"https:\/\/revistaverde.fun\/#\/schema\/person\/4641b3ef7dc9e04a05f1aece8ce87dd0"},"potentialAction":[{"@type":"SearchAction","target":{"@type":"EntryPoint","urlTemplate":"https:\/\/revistaverde.fun\/?s={search_term_string}"},"query-input":{"@type":"PropertyValueSpecification","valueRequired":true,"valueName":"search_term_string"}}],"inLanguage":"es"},{"@type":["Person","Organization"],"@id":"https:\/\/revistaverde.fun\/#\/schema\/person\/4641b3ef7dc9e04a05f1aece8ce87dd0","name":"Ana Torres","image":{"@type":"ImageObject","inLanguage":"es","@id":"https:\/\/i0.wp.com\/revistaverde.fun\/wp-content\/uploads\/2024\/11\/Logo-Autor-Redondo-2.png?fit=645%2C645&ssl=1","url":"https:\/\/i0.wp.com\/revistaverde.fun\/wp-content\/uploads\/2024\/11\/Logo-Autor-Redondo-2.png?fit=645%2C645&ssl=1","contentUrl":"https:\/\/i0.wp.com\/revistaverde.fun\/wp-content\/uploads\/2024\/11\/Logo-Autor-Redondo-2.png?fit=645%2C645&ssl=1","width":645,"height":645,"caption":"Ana Torres"},"logo":{"@id":"https:\/\/i0.wp.com\/revistaverde.fun\/wp-content\/uploads\/2024\/11\/Logo-Autor-Redondo-2.png?fit=645%2C645&ssl=1"},"sameAs":["https:\/\/revistaverde.fun"],"publishingPrinciples":"https:\/\/revistaverde.fun\/politicas-de-privacidade\/","ownershipFundingInfo":"https:\/\/revistaverde.fun\/sobre-nos\/","actionableFeedbackPolicy":"https:\/\/revistaverde.fun\/politicas-de-privacidade\/","correctionsPolicy":"https:\/\/revistaverde.fun\/politicas-de-privacidade\/","ethicsPolicy":"https:\/\/revistaverde.fun\/politicas-de-privacidade\/","diversityPolicy":"https:\/\/revistaverde.fun\/politicas-de-privacidade\/","diversityStaffingReport":"https:\/\/revistaverde.fun\/politicas-de-privacidade\/"}]}},"jetpack_sharing_enabled":true,"_links":{"self":[{"href":"https:\/\/revistaverde.fun\/es\/wp-json\/wp\/v2\/pages\/15","targetHints":{"allow":["GET"]}}],"collection":[{"href":"https:\/\/revistaverde.fun\/es\/wp-json\/wp\/v2\/pages"}],"about":[{"href":"https:\/\/revistaverde.fun\/es\/wp-json\/wp\/v2\/types\/page"}],"author":[{"embeddable":true,"href":"https:\/\/revistaverde.fun\/es\/wp-json\/wp\/v2\/users\/1"}],"replies":[{"embeddable":true,"href":"https:\/\/revistaverde.fun\/es\/wp-json\/wp\/v2\/comments?post=15"}],"version-history":[{"count":1,"href":"https:\/\/revistaverde.fun\/es\/wp-json\/wp\/v2\/pages\/15\/revisions"}],"predecessor-version":[{"id":16,"href":"https:\/\/revistaverde.fun\/es\/wp-json\/wp\/v2\/pages\/15\/revisions\/16"}],"wp:attachment":[{"href":"https:\/\/revistaverde.fun\/es\/wp-json\/wp\/v2\/media?parent=15"}],"curies":[{"name":"wp","href":"https:\/\/api.w.org\/{rel}","templated":true}]}}