{"id":3217,"date":"2025-04-29T15:12:13","date_gmt":"2025-04-29T18:12:13","guid":{"rendered":"https:\/\/revistaverde.fun\/?page_id=3217"},"modified":"2025-04-29T15:12:17","modified_gmt":"2025-04-29T18:12:17","slug":"politica-de-cookeis","status":"publish","type":"page","link":"https:\/\/revistaverde.fun\/en\/politica-de-cookeis\/","title":{"rendered":"Cookies Policy"},"content":{"rendered":"<p class=\"\">This website uses cookies to improve your browsing experience, analyze website traffic, personalize content and display relevant advertisements. By continuing to browse, you agree to the use of cookies in accordance with this policy.<\/p>\n\n\n\n<h3 class=\"wp-block-heading\" id=\"h-1-o-que-sao-cookies\">1. What are cookies?<\/h3>\n\n\n\n<p class=\"\">Cookies are small text files stored in your browser when you visit a website. They are used to remember your preferences, record access information, and understand how visitors interact with the website.<\/p>\n\n\n\n<h3 class=\"wp-block-heading\" id=\"h-2-que-tipos-de-cookies-utilizamos\">2. What types of cookies do we use?<\/h3>\n\n\n\n<p class=\"\"><strong>a) Necessary Cookies<\/strong><br>These cookies are essential for the website to function properly. They do not store any personally identifiable information.<\/p>\n\n\n\n<p class=\"\"><strong>b) Performance Cookies<\/strong><br>They help understand how visitors interact with the website, enabling continuous improvements. Example: Google Analytics.<\/p>\n\n\n\n<p class=\"\"><strong>c) Functionality Cookies<\/strong><br>Allow the website to remember preferences such as language, region and username.<\/p>\n\n\n\n<p class=\"\"><strong>d) Advertising\/Marketing Cookies<\/strong><br>Used to display relevant ads based on your interests. They also limit the number of times an ad is shown. Example: Google AdSense, Google Ad Exchange (ADX).<\/p>\n\n\n\n<h3 class=\"wp-block-heading\" id=\"h-3-como-usamos-cookies-de-terceiros\">3. How do we use third-party cookies?<\/h3>\n\n\n\n<p class=\"\">This website uses third party services such as:<\/p>\n\n\n\n<ul class=\"wp-block-list\">\n<li class=\"\"><strong>Google AdSense and Google Ad Exchange (ADX)<\/strong> to display personalized ads;<\/li>\n\n\n\n<li class=\"\"><strong>Google Analytics<\/strong> for browsing statistics.<\/li>\n<\/ul>\n\n\n\n<p class=\"\">These services may use their own and third-party cookies to collect anonymized data such as IP, browser, device, and pages visited.<\/p>\n\n\n\n<h3 class=\"wp-block-heading\" id=\"h-4-como-gerenciar-ou-desativar-cookies\">4. How to manage or disable cookies?<\/h3>\n\n\n\n<p class=\"\">You can control or delete cookies directly in your browser settings:<\/p>\n\n\n\n<ul class=\"wp-block-list\">\n<li class=\"\">Google Chrome: <a>https:\/\/support.google.com\/chrome\/answer\/95647<\/a><\/li>\n\n\n\n<li class=\"\">Mozilla Firefox: <a class=\"\" href=\"https:\/\/support.mozilla.org\/pt-BR\/kb\/gerencie-configuracoes-de-armazenamento-local-sites\">https:\/\/support.mozilla.org\/pt-BR\/kb\/gerencie-configuracoes-de-armazenamento-local-sites<\/a><\/li>\n\n\n\n<li class=\"\">Safari: <a class=\"\" href=\"https:\/\/support.apple.com\/pt-br\/HT201265\">https:\/\/support.apple.com\/pt-br\/HT201265<\/a><\/li>\n\n\n\n<li class=\"\">Microsoft Edge: <a class=\"\" href=\"https:\/\/support.microsoft.com\/pt-br\/microsoft-edge\">https:\/\/support.microsoft.com\/pt-br\/microsoft-edge<\/a><\/li>\n<\/ul>\n\n\n\n<p class=\"\">By disabling cookies, some website features may not work properly.<\/p>\n\n\n\n<h3 class=\"wp-block-heading\" id=\"h-5-alteracoes-nesta-politica\">5. Changes to this policy<\/h3>\n\n\n\n<p class=\"\">This policy may be updated periodically. We recommend that you review it regularly.<\/p>\n\n\n\n<h3 class=\"wp-block-heading\" id=\"h-6-contato\">6. Contact<\/h3>\n\n\n\n<p class=\"\">If you have any questions about this Cookie Policy, please contact us by email: <strong>contato@revistaverde.fun<\/strong><\/p>\n\n\n\n<p class=\"\"><strong>Last updated: 04\/29\/2025 at 3:11 PM<\/strong><\/p>","protected":false},"excerpt":{"rendered":"<p>Este site utiliza cookies para melhorar sua experi\u00eancia de navega\u00e7\u00e3o, analisar o tr\u00e1fego do site, personalizar conte\u00fados e exibir an\u00fancios relevantes. Ao continuar navegando, voc\u00ea concorda com o uso de cookies conforme esta pol\u00edtica. 1. O que s\u00e3o cookies? Cookies s\u00e3o pequenos arquivos de texto armazenados no seu navegador quando voc\u00ea visita um site. Eles [&hellip;]<\/p>\n","protected":false},"author":1,"featured_media":0,"parent":0,"menu_order":0,"comment_status":"closed","ping_status":"closed","template":"","meta":{"nf_dc_page":"","footnotes":""},"class_list":["post-3217","page","type-page","status-publish","hentry"],"blocksy_meta":[],"yoast_head":"<!-- This site is optimized with the Yoast SEO Premium plugin v23.7 (Yoast SEO v27.4) - https:\/\/yoast.com\/product\/yoast-seo-premium-wordpress\/ -->\n<title>Politica de Cookeis - Revista Verde<\/title>\n<meta name=\"robots\" content=\"index, follow, max-snippet:-1, max-image-preview:large, max-video-preview:-1\" \/>\n<link rel=\"canonical\" href=\"https:\/\/revistaverde.fun\/en\/politica-de-cookeis\/\" \/>\n<meta property=\"og:locale\" content=\"en_US\" \/>\n<meta property=\"og:type\" content=\"article\" \/>\n<meta property=\"og:title\" content=\"Politica de Cookeis\" \/>\n<meta property=\"og:description\" content=\"Este site utiliza cookies para melhorar sua experi\u00eancia de navega\u00e7\u00e3o, analisar o tr\u00e1fego do site, personalizar conte\u00fados e exibir an\u00fancios relevantes. Ao continuar navegando, voc\u00ea concorda com o uso de cookies conforme esta pol\u00edtica. 1. O que s\u00e3o cookies? Cookies s\u00e3o pequenos arquivos de texto armazenados no seu navegador quando voc\u00ea visita um site. Eles [&hellip;]\" \/>\n<meta property=\"og:url\" content=\"https:\/\/revistaverde.fun\/en\/politica-de-cookeis\/\" \/>\n<meta property=\"og:site_name\" content=\"Revista Verde\" \/>\n<meta property=\"article:modified_time\" content=\"2025-04-29T18:12:17+00:00\" \/>\n<meta property=\"og:image\" content=\"https:\/\/i0.wp.com\/revistaverde.fun\/wp-content\/uploads\/2024\/11\/Design_sem_nome-removebg-preview.png?fit=500%2C500&ssl=1\" \/>\n\t<meta property=\"og:image:width\" content=\"500\" \/>\n\t<meta property=\"og:image:height\" content=\"500\" \/>\n\t<meta property=\"og:image:type\" content=\"image\/png\" \/>\n<meta name=\"twitter:card\" content=\"summary_large_image\" \/>\n<meta name=\"twitter:label1\" content=\"Est. reading time\" \/>\n\t<meta name=\"twitter:data1\" content=\"2 minutes\" \/>\n<script type=\"application\/ld+json\" class=\"yoast-schema-graph\">{\"@context\":\"https:\\\/\\\/schema.org\",\"@graph\":[{\"@type\":\"WebPage\",\"@id\":\"https:\\\/\\\/revistaverde.fun\\\/politica-de-cookeis\\\/\",\"url\":\"https:\\\/\\\/revistaverde.fun\\\/politica-de-cookeis\\\/\",\"name\":\"Politica de Cookeis - Revista Verde\",\"isPartOf\":{\"@id\":\"https:\\\/\\\/revistaverde.fun\\\/#website\"},\"datePublished\":\"2025-04-29T18:12:13+00:00\",\"dateModified\":\"2025-04-29T18:12:17+00:00\",\"breadcrumb\":{\"@id\":\"https:\\\/\\\/revistaverde.fun\\\/politica-de-cookeis\\\/#breadcrumb\"},\"inLanguage\":\"en-US\",\"potentialAction\":[{\"@type\":\"ReadAction\",\"target\":[\"https:\\\/\\\/revistaverde.fun\\\/politica-de-cookeis\\\/\"]}]},{\"@type\":\"BreadcrumbList\",\"@id\":\"https:\\\/\\\/revistaverde.fun\\\/politica-de-cookeis\\\/#breadcrumb\",\"itemListElement\":[{\"@type\":\"ListItem\",\"position\":1,\"name\":\"In\u00edcio\",\"item\":\"https:\\\/\\\/revistaverde.fun\\\/\"},{\"@type\":\"ListItem\",\"position\":2,\"name\":\"Politica de Cookeis\"}]},{\"@type\":\"WebSite\",\"@id\":\"https:\\\/\\\/revistaverde.fun\\\/#website\",\"url\":\"https:\\\/\\\/revistaverde.fun\\\/\",\"name\":\"Revista Verde\",\"description\":\"Informa\u00e7\u00e3o e Praticidade\",\"publisher\":{\"@id\":\"https:\\\/\\\/revistaverde.fun\\\/#\\\/schema\\\/person\\\/4641b3ef7dc9e04a05f1aece8ce87dd0\"},\"potentialAction\":[{\"@type\":\"SearchAction\",\"target\":{\"@type\":\"EntryPoint\",\"urlTemplate\":\"https:\\\/\\\/revistaverde.fun\\\/?s={search_term_string}\"},\"query-input\":{\"@type\":\"PropertyValueSpecification\",\"valueRequired\":true,\"valueName\":\"search_term_string\"}}],\"inLanguage\":\"en-US\"},{\"@type\":[\"Person\",\"Organization\"],\"@id\":\"https:\\\/\\\/revistaverde.fun\\\/#\\\/schema\\\/person\\\/4641b3ef7dc9e04a05f1aece8ce87dd0\",\"name\":\"Ana Torres\",\"image\":{\"@type\":\"ImageObject\",\"inLanguage\":\"en-US\",\"@id\":\"https:\\\/\\\/i0.wp.com\\\/revistaverde.fun\\\/wp-content\\\/uploads\\\/2024\\\/11\\\/Logo-Autor-Redondo-2.png?fit=645%2C645&ssl=1\",\"url\":\"https:\\\/\\\/i0.wp.com\\\/revistaverde.fun\\\/wp-content\\\/uploads\\\/2024\\\/11\\\/Logo-Autor-Redondo-2.png?fit=645%2C645&ssl=1\",\"contentUrl\":\"https:\\\/\\\/i0.wp.com\\\/revistaverde.fun\\\/wp-content\\\/uploads\\\/2024\\\/11\\\/Logo-Autor-Redondo-2.png?fit=645%2C645&ssl=1\",\"width\":645,\"height\":645,\"caption\":\"Ana Torres\"},\"logo\":{\"@id\":\"https:\\\/\\\/i0.wp.com\\\/revistaverde.fun\\\/wp-content\\\/uploads\\\/2024\\\/11\\\/Logo-Autor-Redondo-2.png?fit=645%2C645&ssl=1\"},\"sameAs\":[\"https:\\\/\\\/revistaverde.fun\"],\"publishingPrinciples\":\"https:\\\/\\\/revistaverde.fun\\\/politicas-de-privacidade\\\/\",\"ownershipFundingInfo\":\"https:\\\/\\\/revistaverde.fun\\\/sobre-nos\\\/\",\"actionableFeedbackPolicy\":\"https:\\\/\\\/revistaverde.fun\\\/politicas-de-privacidade\\\/\",\"correctionsPolicy\":\"https:\\\/\\\/revistaverde.fun\\\/politicas-de-privacidade\\\/\",\"ethicsPolicy\":\"https:\\\/\\\/revistaverde.fun\\\/politicas-de-privacidade\\\/\",\"diversityPolicy\":\"https:\\\/\\\/revistaverde.fun\\\/politicas-de-privacidade\\\/\",\"diversityStaffingReport\":\"https:\\\/\\\/revistaverde.fun\\\/politicas-de-privacidade\\\/\"}]}<\/script>\n<!-- \/ Yoast SEO Premium plugin. -->","yoast_head_json":{"title":"Cookeis Policy - Revista Verde","robots":{"index":"index","follow":"follow","max-snippet":"max-snippet:-1","max-image-preview":"max-image-preview:large","max-video-preview":"max-video-preview:-1"},"canonical":"https:\/\/revistaverde.fun\/en\/politica-de-cookeis\/","og_locale":"en_US","og_type":"article","og_title":"Politica de Cookeis","og_description":"Este site utiliza cookies para melhorar sua experi\u00eancia de navega\u00e7\u00e3o, analisar o tr\u00e1fego do site, personalizar conte\u00fados e exibir an\u00fancios relevantes. Ao continuar navegando, voc\u00ea concorda com o uso de cookies conforme esta pol\u00edtica. 1. O que s\u00e3o cookies? Cookies s\u00e3o pequenos arquivos de texto armazenados no seu navegador quando voc\u00ea visita um site. Eles [&hellip;]","og_url":"https:\/\/revistaverde.fun\/en\/politica-de-cookeis\/","og_site_name":"Revista Verde","article_modified_time":"2025-04-29T18:12:17+00:00","og_image":[{"width":500,"height":500,"url":"https:\/\/i0.wp.com\/revistaverde.fun\/wp-content\/uploads\/2024\/11\/Design_sem_nome-removebg-preview.png?fit=500%2C500&ssl=1","type":"image\/png"}],"twitter_card":"summary_large_image","twitter_misc":{"Est. reading time":"2 minutes"},"schema":{"@context":"https:\/\/schema.org","@graph":[{"@type":"WebPage","@id":"https:\/\/revistaverde.fun\/politica-de-cookeis\/","url":"https:\/\/revistaverde.fun\/politica-de-cookeis\/","name":"Cookeis Policy - Revista Verde","isPartOf":{"@id":"https:\/\/revistaverde.fun\/#website"},"datePublished":"2025-04-29T18:12:13+00:00","dateModified":"2025-04-29T18:12:17+00:00","breadcrumb":{"@id":"https:\/\/revistaverde.fun\/politica-de-cookeis\/#breadcrumb"},"inLanguage":"en-US","potentialAction":[{"@type":"ReadAction","target":["https:\/\/revistaverde.fun\/politica-de-cookeis\/"]}]},{"@type":"BreadcrumbList","@id":"https:\/\/revistaverde.fun\/politica-de-cookeis\/#breadcrumb","itemListElement":[{"@type":"ListItem","position":1,"name":"In\u00edcio","item":"https:\/\/revistaverde.fun\/"},{"@type":"ListItem","position":2,"name":"Politica de Cookeis"}]},{"@type":"WebSite","@id":"https:\/\/revistaverde.fun\/#website","url":"https:\/\/revistaverde.fun\/","name":"Green Magazine","description":"Information and Practicality","publisher":{"@id":"https:\/\/revistaverde.fun\/#\/schema\/person\/4641b3ef7dc9e04a05f1aece8ce87dd0"},"potentialAction":[{"@type":"SearchAction","target":{"@type":"EntryPoint","urlTemplate":"https:\/\/revistaverde.fun\/?s={search_term_string}"},"query-input":{"@type":"PropertyValueSpecification","valueRequired":true,"valueName":"search_term_string"}}],"inLanguage":"en-US"},{"@type":["Person","Organization"],"@id":"https:\/\/revistaverde.fun\/#\/schema\/person\/4641b3ef7dc9e04a05f1aece8ce87dd0","name":"Ana Torres","image":{"@type":"ImageObject","inLanguage":"en-US","@id":"https:\/\/i0.wp.com\/revistaverde.fun\/wp-content\/uploads\/2024\/11\/Logo-Autor-Redondo-2.png?fit=645%2C645&ssl=1","url":"https:\/\/i0.wp.com\/revistaverde.fun\/wp-content\/uploads\/2024\/11\/Logo-Autor-Redondo-2.png?fit=645%2C645&ssl=1","contentUrl":"https:\/\/i0.wp.com\/revistaverde.fun\/wp-content\/uploads\/2024\/11\/Logo-Autor-Redondo-2.png?fit=645%2C645&ssl=1","width":645,"height":645,"caption":"Ana Torres"},"logo":{"@id":"https:\/\/i0.wp.com\/revistaverde.fun\/wp-content\/uploads\/2024\/11\/Logo-Autor-Redondo-2.png?fit=645%2C645&ssl=1"},"sameAs":["https:\/\/revistaverde.fun"],"publishingPrinciples":"https:\/\/revistaverde.fun\/politicas-de-privacidade\/","ownershipFundingInfo":"https:\/\/revistaverde.fun\/sobre-nos\/","actionableFeedbackPolicy":"https:\/\/revistaverde.fun\/politicas-de-privacidade\/","correctionsPolicy":"https:\/\/revistaverde.fun\/politicas-de-privacidade\/","ethicsPolicy":"https:\/\/revistaverde.fun\/politicas-de-privacidade\/","diversityPolicy":"https:\/\/revistaverde.fun\/politicas-de-privacidade\/","diversityStaffingReport":"https:\/\/revistaverde.fun\/politicas-de-privacidade\/"}]}},"jetpack_sharing_enabled":true,"_links":{"self":[{"href":"https:\/\/revistaverde.fun\/en\/wp-json\/wp\/v2\/pages\/3217","targetHints":{"allow":["GET"]}}],"collection":[{"href":"https:\/\/revistaverde.fun\/en\/wp-json\/wp\/v2\/pages"}],"about":[{"href":"https:\/\/revistaverde.fun\/en\/wp-json\/wp\/v2\/types\/page"}],"author":[{"embeddable":true,"href":"https:\/\/revistaverde.fun\/en\/wp-json\/wp\/v2\/users\/1"}],"replies":[{"embeddable":true,"href":"https:\/\/revistaverde.fun\/en\/wp-json\/wp\/v2\/comments?post=3217"}],"version-history":[{"count":1,"href":"https:\/\/revistaverde.fun\/en\/wp-json\/wp\/v2\/pages\/3217\/revisions"}],"predecessor-version":[{"id":3218,"href":"https:\/\/revistaverde.fun\/en\/wp-json\/wp\/v2\/pages\/3217\/revisions\/3218"}],"wp:attachment":[{"href":"https:\/\/revistaverde.fun\/en\/wp-json\/wp\/v2\/media?parent=3217"}],"curies":[{"name":"wp","href":"https:\/\/api.w.org\/{rel}","templated":true}]}}